{"id":126,"date":"2024-04-03T21:43:55","date_gmt":"2024-04-03T21:43:55","guid":{"rendered":"http:\/\/mooslande.com\/?page_id=126"},"modified":"2024-04-23T15:07:08","modified_gmt":"2024-04-23T15:07:08","slug":"impressionen","status":"publish","type":"page","link":"https:\/\/mooslande.com\/fantasy\/thriller\/horror\/impressionen\/","title":{"rendered":"Impressionen"},"content":{"rendered":"<div class=\"wp-block-image\">\n<figure class=\"alignright size-large is-resized\"><img fetchpriority=\"high\" decoding=\"async\" width=\"1024\" height=\"802\" src=\"http:\/\/mooslande.com\/wp-content\/uploads\/2024\/04\/Schnatt-frei-1024x802.jpg\" alt=\"\" class=\"wp-image-152\" style=\"width:141px;height:auto\" srcset=\"https:\/\/mooslande.com\/wp-content\/uploads\/2024\/04\/Schnatt-frei-1024x802.jpg 1024w, https:\/\/mooslande.com\/wp-content\/uploads\/2024\/04\/Schnatt-frei-300x235.jpg 300w, https:\/\/mooslande.com\/wp-content\/uploads\/2024\/04\/Schnatt-frei-768x601.jpg 768w, https:\/\/mooslande.com\/wp-content\/uploads\/2024\/04\/Schnatt-frei-850x665.jpg 850w, https:\/\/mooslande.com\/wp-content\/uploads\/2024\/04\/Schnatt-frei.jpg 1229w\" sizes=\"(max-width: 1024px) 100vw, 1024px\" \/><\/figure><\/div>\n\n\n<p class=\"has-vivid-cyan-blue-color has-text-color has-link-color has-medium-font-size wp-elements-530eab0bf13c063c5d6b919cfeb7889c\" id=\"hier\"><strong><a href=\"#nachoben\">Hier<\/a> seht ihr ein paar Eindr\u00fccke aus den Mooslanden, um euch einen Vorgeschmack auf die Welt zu geben.<\/strong><\/p>\n\n\n\n<p><\/p>\n\n\n\n<figure class=\"wp-block-image size-large is-resized\"><img decoding=\"async\" width=\"1024\" height=\"576\" src=\"https:\/\/mooslande.com\/wp-content\/uploads\/2024\/04\/PSX_20211031_223626-1024x576.jpg\" alt=\"\" class=\"wp-image-397\" style=\"width:164px;height:auto\" srcset=\"https:\/\/mooslande.com\/wp-content\/uploads\/2024\/04\/PSX_20211031_223626-1024x576.jpg 1024w, https:\/\/mooslande.com\/wp-content\/uploads\/2024\/04\/PSX_20211031_223626-300x169.jpg 300w, https:\/\/mooslande.com\/wp-content\/uploads\/2024\/04\/PSX_20211031_223626-768x432.jpg 768w, https:\/\/mooslande.com\/wp-content\/uploads\/2024\/04\/PSX_20211031_223626-1536x864.jpg 1536w, https:\/\/mooslande.com\/wp-content\/uploads\/2024\/04\/PSX_20211031_223626-2048x1152.jpg 2048w, https:\/\/mooslande.com\/wp-content\/uploads\/2024\/04\/PSX_20211031_223626-850x478.jpg 850w\" sizes=\"(max-width: 1024px) 100vw, 1024px\" \/><\/figure>\n\n\n\n<p><\/p>\n\n\n\n<figure class=\"wp-block-video\"><video controls src=\"https:\/\/mooslande.com\/wp-content\/uploads\/2024\/04\/Eismooswelt-1.mp4\"><\/video><\/figure>\n\n\n\n<p><\/p>\n\n\n\n<p><\/p>\n\n\n<div class=\"wp-block-image\">\n<figure class=\"alignright size-large is-resized\"><img decoding=\"async\" width=\"1024\" height=\"576\" src=\"https:\/\/mooslande.com\/wp-content\/uploads\/2024\/04\/PSX_20211027_163305-1024x576.jpg\" alt=\"\" class=\"wp-image-398\" style=\"width:178px;height:auto\" srcset=\"https:\/\/mooslande.com\/wp-content\/uploads\/2024\/04\/PSX_20211027_163305-1024x576.jpg 1024w, https:\/\/mooslande.com\/wp-content\/uploads\/2024\/04\/PSX_20211027_163305-300x169.jpg 300w, https:\/\/mooslande.com\/wp-content\/uploads\/2024\/04\/PSX_20211027_163305-768x432.jpg 768w, https:\/\/mooslande.com\/wp-content\/uploads\/2024\/04\/PSX_20211027_163305-1536x864.jpg 1536w, https:\/\/mooslande.com\/wp-content\/uploads\/2024\/04\/PSX_20211027_163305-2048x1152.jpg 2048w, https:\/\/mooslande.com\/wp-content\/uploads\/2024\/04\/PSX_20211027_163305-850x478.jpg 850w\" sizes=\"(max-width: 1024px) 100vw, 1024px\" \/><\/figure><\/div>\n\n<div class=\"wp-block-image\">\n<figure class=\"alignleft size-full is-resized\"><img loading=\"lazy\" decoding=\"async\" width=\"1229\" height=\"962\" src=\"https:\/\/mooslande.com\/wp-content\/uploads\/2024\/03\/Schnatt-frei-gespiegelt.jpeg\" alt=\"\" class=\"wp-image-86\" style=\"width:101px;height:auto\" srcset=\"https:\/\/mooslande.com\/wp-content\/uploads\/2024\/03\/Schnatt-frei-gespiegelt.jpeg 1229w, https:\/\/mooslande.com\/wp-content\/uploads\/2024\/03\/Schnatt-frei-gespiegelt-300x235.jpeg 300w, https:\/\/mooslande.com\/wp-content\/uploads\/2024\/03\/Schnatt-frei-gespiegelt-1024x802.jpeg 1024w, https:\/\/mooslande.com\/wp-content\/uploads\/2024\/03\/Schnatt-frei-gespiegelt-768x601.jpeg 768w, https:\/\/mooslande.com\/wp-content\/uploads\/2024\/03\/Schnatt-frei-gespiegelt-850x665.jpeg 850w\" sizes=\"(max-width: 1229px) 100vw, 1229px\" \/><\/figure><\/div>\n\n\n<p class=\"has-vivid-cyan-blue-color has-text-color has-link-color wp-elements-727719b86827ab98b4f651efef1907ce\"><strong>Seht nur, eine Nachtschnecke.<\/strong><\/p>\n\n\n\n<p><\/p>\n\n\n\n<p><\/p>\n\n\n\n<p class=\"has-vivid-cyan-blue-color has-text-color has-link-color wp-elements-05632029db11419b895fe2527d27a9af\"><\/p>\n\n\n\n<p><\/p>\n\n\n\n<figure class=\"wp-block-video\"><video controls src=\"http:\/\/mooslande.com\/wp-content\/uploads\/2024\/03\/Speedy-Snail-\u2013-Mit-Clipchamp-erstellt.mp4\"><\/video><\/figure>\n\n\n\n<p><\/p>\n\n\n<div class=\"wp-block-image\">\n<figure class=\"aligncenter size-full is-resized\"><img loading=\"lazy\" decoding=\"async\" width=\"590\" height=\"332\" src=\"https:\/\/mooslande.com\/wp-content\/uploads\/2024\/04\/Kraal.jpeg\" alt=\"\" class=\"wp-image-455\" style=\"width:124px;height:auto\" srcset=\"https:\/\/mooslande.com\/wp-content\/uploads\/2024\/04\/Kraal.jpeg 590w, https:\/\/mooslande.com\/wp-content\/uploads\/2024\/04\/Kraal-300x169.jpeg 300w\" sizes=\"(max-width: 590px) 100vw, 590px\" \/><\/figure><\/div>\n\n\n<p><\/p>\n\n\n\n<figure class=\"wp-block-video\"><video controls src=\"https:\/\/mooslande.com\/wp-content\/uploads\/2024\/04\/Unbenanntes-Video-\u2013-Mit-Clipchamp-erstellt.mp4\"><\/video><\/figure>\n\n\n<div class=\"wp-block-image\">\n<figure class=\"aligncenter size-full is-resized\"><img loading=\"lazy\" decoding=\"async\" width=\"1229\" height=\"962\" src=\"https:\/\/mooslande.com\/wp-content\/uploads\/2024\/04\/Schnatt-frei.jpg\" alt=\"\" class=\"wp-image-152\" style=\"width:93px;height:auto\" srcset=\"https:\/\/mooslande.com\/wp-content\/uploads\/2024\/04\/Schnatt-frei.jpg 1229w, https:\/\/mooslande.com\/wp-content\/uploads\/2024\/04\/Schnatt-frei-300x235.jpg 300w, https:\/\/mooslande.com\/wp-content\/uploads\/2024\/04\/Schnatt-frei-1024x802.jpg 1024w, https:\/\/mooslande.com\/wp-content\/uploads\/2024\/04\/Schnatt-frei-768x601.jpg 768w, https:\/\/mooslande.com\/wp-content\/uploads\/2024\/04\/Schnatt-frei-850x665.jpg 850w\" sizes=\"(max-width: 1229px) 100vw, 1229px\" \/><\/figure><\/div>\n\n\n<p class=\"has-vivid-cyan-blue-color has-text-color has-link-color wp-elements-033aaae26c5b768a435e428e78a386a6\"><strong>Das ist der T\u00fcmpel, dessen groteske Bewohner Robert verzaubern.<\/strong><\/p>\n\n\n\n<figure class=\"wp-block-video\"><video controls src=\"https:\/\/mooslande.com\/wp-content\/uploads\/2024\/04\/Tuempel.mp4\"><\/video><\/figure>\n\n\n\n<p><\/p>\n\n\n\n<p class=\"has-vivid-cyan-blue-color has-text-color has-link-color wp-elements-3fd75df5a08094547dc224e87fe9dc42\"><strong>Und dort steht der ehrw\u00fcrdige Trebor, der Robert nach Blaumooswelt holt und ihn dort empf\u00e4ngt<\/strong>. <\/p>\n\n\n\n<figure class=\"wp-block-video aligncenter\"><video controls src=\"https:\/\/mooslande.com\/wp-content\/uploads\/2024\/04\/Unbenanntes-Video-\u2013-Mit-Clipchamp-erstellt-1.mp4\"><\/video><\/figure>\n\n\n\n<p><\/p>\n\n\n\n<figure class=\"wp-block-image size-full is-resized\"><img loading=\"lazy\" decoding=\"async\" width=\"1229\" height=\"962\" src=\"https:\/\/mooslande.com\/wp-content\/uploads\/2024\/03\/Schnatt-frei-gespiegelt.jpeg\" alt=\"\" class=\"wp-image-86\" style=\"width:103px;height:auto\" srcset=\"https:\/\/mooslande.com\/wp-content\/uploads\/2024\/03\/Schnatt-frei-gespiegelt.jpeg 1229w, https:\/\/mooslande.com\/wp-content\/uploads\/2024\/03\/Schnatt-frei-gespiegelt-300x235.jpeg 300w, https:\/\/mooslande.com\/wp-content\/uploads\/2024\/03\/Schnatt-frei-gespiegelt-1024x802.jpeg 1024w, https:\/\/mooslande.com\/wp-content\/uploads\/2024\/03\/Schnatt-frei-gespiegelt-768x601.jpeg 768w, https:\/\/mooslande.com\/wp-content\/uploads\/2024\/03\/Schnatt-frei-gespiegelt-850x665.jpeg 850w\" sizes=\"(max-width: 1229px) 100vw, 1229px\" \/><\/figure>\n\n\n\n<p class=\"has-text-align-right has-vivid-red-color has-text-color has-link-color has-medium-font-size wp-elements-4b77b28c1374bf35cfe0dee1d51d4dfa\"><strong>Gefahr, Gefahr, Gefahr!!! Unten schl\u00e4ngelt sich Sssssnake durchs Bild! Dann ist auch die m\u00e4chtige Zauberin Ilandria Londrin, ihre Liebhaberin nicht weit! Wir sollten sofort diese Seite verlassen!<\/strong><\/p>\n\n\n<div class=\"wp-block-image\">\n<figure class=\"aligncenter size-full\"><img loading=\"lazy\" decoding=\"async\" width=\"175\" height=\"85\" src=\"https:\/\/mooslande.com\/wp-content\/uploads\/2024\/04\/animiertes-schlangen-bild-0027.gif\" alt=\"\" class=\"wp-image-328\"\/><\/figure><\/div>\n\n\n<div class=\"wp-block-buttons is-layout-flex wp-block-buttons-is-layout-flex\" id=\"nachoben\">\n<div class=\"wp-block-button\" id=\"hier\"><a class=\"wp-block-button__link wp-element-button\" href=\"#hier\">Nach oben<\/a><\/div>\n<\/div>\n","protected":false},"excerpt":{"rendered":"<p>Hier seht ihr ein paar Eindr\u00fccke aus den Mooslanden, um euch einen Vorgeschmack auf die Welt zu geben. Seht nur, eine Nachtschnecke. Das ist der T\u00fcmpel, dessen groteske Bewohner Robert verzaubern. Und dort steht der ehrw\u00fcrdige Trebor, der Robert nach Blaumooswelt holt und ihn dort empf\u00e4ngt. Gefahr, Gefahr, Gefahr!!! Unten schl\u00e4ngelt sich Sssssnake durchs Bild!&#8230;<\/p>\n","protected":false},"author":1,"featured_media":0,"parent":0,"menu_order":0,"comment_status":"closed","ping_status":"closed","template":"","meta":{"footnotes":""},"class_list":["post-126","page","type-page","status-publish","hentry"],"_links":{"self":[{"href":"https:\/\/mooslande.com\/fantasy\/thriller\/horror\/wp-json\/wp\/v2\/pages\/126","targetHints":{"allow":["GET"]}}],"collection":[{"href":"https:\/\/mooslande.com\/fantasy\/thriller\/horror\/wp-json\/wp\/v2\/pages"}],"about":[{"href":"https:\/\/mooslande.com\/fantasy\/thriller\/horror\/wp-json\/wp\/v2\/types\/page"}],"author":[{"embeddable":true,"href":"https:\/\/mooslande.com\/fantasy\/thriller\/horror\/wp-json\/wp\/v2\/users\/1"}],"replies":[{"embeddable":true,"href":"https:\/\/mooslande.com\/fantasy\/thriller\/horror\/wp-json\/wp\/v2\/comments?post=126"}],"version-history":[{"count":24,"href":"https:\/\/mooslande.com\/fantasy\/thriller\/horror\/wp-json\/wp\/v2\/pages\/126\/revisions"}],"predecessor-version":[{"id":516,"href":"https:\/\/mooslande.com\/fantasy\/thriller\/horror\/wp-json\/wp\/v2\/pages\/126\/revisions\/516"}],"wp:attachment":[{"href":"https:\/\/mooslande.com\/fantasy\/thriller\/horror\/wp-json\/wp\/v2\/media?parent=126"}],"curies":[{"name":"wp","href":"https:\/\/api.w.org\/{rel}","templated":true}]}}