{"id":131,"date":"2024-04-03T22:01:08","date_gmt":"2024-04-03T22:01:08","guid":{"rendered":"http:\/\/mooslande.com\/?page_id=131"},"modified":"2024-04-23T15:05:10","modified_gmt":"2024-04-23T15:05:10","slug":"moose","status":"publish","type":"page","link":"https:\/\/mooslande.com\/fantasy\/thriller\/horror\/moose\/","title":{"rendered":"Moose"},"content":{"rendered":"\n<figure class=\"wp-block-image size-full is-resized is-style-default\" id=\"bild\"><a href=\"#nachoben\"><img fetchpriority=\"high\" decoding=\"async\" width=\"1229\" height=\"962\" src=\"https:\/\/mooslande.com\/wp-content\/uploads\/2024\/03\/Schnatt-frei-gespiegelt.jpeg\" alt=\"\" class=\"wp-image-86\" style=\"width:138px;height:auto\" srcset=\"https:\/\/mooslande.com\/wp-content\/uploads\/2024\/03\/Schnatt-frei-gespiegelt.jpeg 1229w, https:\/\/mooslande.com\/wp-content\/uploads\/2024\/03\/Schnatt-frei-gespiegelt-300x235.jpeg 300w, https:\/\/mooslande.com\/wp-content\/uploads\/2024\/03\/Schnatt-frei-gespiegelt-1024x802.jpeg 1024w, https:\/\/mooslande.com\/wp-content\/uploads\/2024\/03\/Schnatt-frei-gespiegelt-768x601.jpeg 768w, https:\/\/mooslande.com\/wp-content\/uploads\/2024\/03\/Schnatt-frei-gespiegelt-850x665.jpeg 850w\" sizes=\"(max-width: 1229px) 100vw, 1229px\" \/><\/a><\/figure>\n\n\n\n<p class=\"has-white-color has-black-background-color has-text-color has-background has-link-color wp-elements-508414c88d7e0b56214f5b3faf8f8a1b\"><strong>Im Folgenden seht ihr eine kleine Auflistung von Moosen, denen ihr in den Mooslanden begegnen k\u00f6nnt, zusammengtragen vom Chronisten Gryffyus zu Schlauhderer.<\/strong><\/p>\n\n\n\n<p>Eine der bemerkenswertesten und im kosmologischen Sinne bedeutsamsten Pflanzen, die ich beim Bereisen der uns bekannten Welten systematisch analysiert und katalogisiert habe, ist das Moos. Selbstredend tritt das Gew\u00e4chs in den verschiedenen Welten unter zahllosen anderen Namen auf, aber ich beschr\u00e4nke mich hier auf den Sammelbegriff, der gemeinhin \u00fcberall verstanden wird.<\/p>\n\n\n\n<p>Beim Moos handelt es sich um eine verschiedenfarbige Landpflanze, die zumeist bebl\u00e4ttert oder lappig ist, zur Gruppe der Sporenpflanzen geh\u00f6rt und keine Wurzeln hat. Moose gelten als echte \u00dcberlebensk\u00fcnstler und existieren schon seit hunderten&nbsp; Millionen von Jahren. Sie sind ca. 1 mm bis 20 cm gro\u00df, es sind mir jedoch auch einzelne Exemplare begegnet, die bis zu 3 Meter hoch sind und eher den Schlingpflanzen zuzuordnen sind.<\/p>\n\n\n\n<p>Ihren Ursprung hat die Pflanze auf dem Planeten Erde, den ich wiederholt bereist habe. Von dort hat sie sich auf alle uns bekannten Welten ausgebreitet und dient somit als Bindeglied zwischen ihnen. Hier sehen wir die \u00fcberragende Bedeutung, die diesem doch eher unscheinbaren Gew\u00e4chs im kosmologischen Gesamtbild zukommt. Auch der umfassend g\u00fcltige Begriff \u201eMoos\u201c stammt von der Erde.<\/p>\n\n\n\n<p>Die auf dem Planeten Erde lebende Spezies Mensch bemisst den Moosen jedoch im Allgemeinen keine gro\u00dfe Bedeutung zu, sie werden landl\u00e4ufig eher als l\u00e4stig oder vielfach als sogenanntes Unkraut angesehen. Das ist eine der vielen Besonderheiten und Merkw\u00fcrdigkeiten der Spezies Mensch. Bei weitergehendem Interesse an dieser Gattung verweise ich auf den Eintrag \u201eMensch\u201c in der vorliegenden Enzyklop\u00e4die. &nbsp;&nbsp;&nbsp;&nbsp;<\/p>\n\n\n\n<p>Es gibt etwa 150.000 verschiedene Moosarten, ich werde mich bei meinen Schilderungen im Folgenden jedoch auf die wichtigsten, g\u00e4ngigsten und interessantesten Exemplare beschr\u00e4nken und Unterarten vernachl\u00e4ssigen.&nbsp;<\/p>\n\n\n\n<p class=\"has-white-color has-vivid-cyan-blue-background-color has-text-color has-background has-link-color wp-elements-d7e72f18c56f9a164362d01abd88b12b\"><strong>Blaumoos<\/strong>: Auf Einladung meines alten Kumpels Trebor, verbrachte ich einige Tage in der wundersch\u00f6nen Blaumooswelt. Die Besonderheit des Blaumooses liegt darin, dass es seine Lebenskraft aus den \u00fcber der Welt kreisenden Doppelmonden bezieht. Es verstr\u00f6mt eine wahrlich magische Aura \u00fcber Blaumooswelt.<\/p>\n\n\n\n<p class=\"has-white-color has-vivid-red-background-color has-text-color has-background has-link-color wp-elements-ab2783b796604b4878f89da3925316dd\"><strong>Blutmoos<\/strong>:&nbsp; Es ist vornehmlich auf dem Planeten BoB, auch unter dem Namen Black of Bloodbekannt, zu finden. Im oberen Bl\u00e4tterteil dieser Pflanzen befinden sich kleine M\u00fcnder, in denen winzige, nadelspitze Z\u00e4hne sitzen, die sich bei Ber\u00fchrung in ihre ahnungslosen Opfer bohren. Sie ern\u00e4hren sich vornehmlich von Blut, daher auch der Name. Nachdem das Blutmoos den Lebenssaft verkostet hat, f\u00e4ngt es an zu pulsieren und leuchtet blutrot. Ein einziger Tropfen Blut gen\u00fcgt, um ein gro\u00dfes Feld mit Blutmoos zu ern\u00e4hren. Bei meinem Besuch auf BoB kam ich in den Genuss dieses einzigartigen Naturschauspiels.&nbsp;&nbsp;&nbsp;&nbsp; &nbsp;&nbsp;&nbsp;<\/p>\n\n\n\n<p><strong>Eismoos: <\/strong>In der kargen, eisigen und rauen Schneew\u00fcste des Reiches des Usurpators Gnorrfazz gedeiht diese Moosart. Sie hat sich den widrigen und lebensfeindlichen Bedingungen der Welt angepasst und macht dem Namen \u00dcberlebensk\u00fcnstler alle Ehre.&nbsp;<\/p>\n\n\n\n<p class=\"has-white-color has-luminous-vivid-orange-background-color has-text-color has-background has-link-color wp-elements-8b50359bb02e68ad8e3a6fc1f61732bc\"><strong>Gl\u00fchmoos: <\/strong>Wie der Name schon sagt, gl\u00fcht dieses Moos und zwar leuchtend orange. Als ich im Anflug auf den gleichnamigen Planeten Orange war, blieb mir vor ehrf\u00fcrchtiger Andacht fast der Atem weg: Der gesamte Himmelsk\u00f6rper ist mit diesem Moos \u00fcberzogen, sodass er wie die \u00fcberdimensionale Nachbildung der Frucht gleichen Namens aussieht. Um das Gesamtkunstwerk abzurunden, riecht es auf dem gesamten Planeten auch nach Orange.<\/p>\n\n\n\n<p><strong>Munkelmoos: <\/strong>Es wird gemunkelt, dass es sich bei dem Munkelmoos um die wahre Inspirationsquelle f\u00fcr Orakel jeglicher Art handelt, zumal es sich bevorzugt in ihrer N\u00e4he ansiedelt. Bei meinen Recherchen konnte ich allerdings keine diesbez\u00fcglichen Erkenntnisse gewinnen. Es gilt also &#8211; wie so oft im Leben: Nichts Genaues wei\u00df man, es darf gemunkelt werden.<\/p>\n\n\n\n<p class=\"has-white-color has-black-background-color has-text-color has-background has-link-color wp-elements-35c9c525d64604f394bec4f3485b0043\"><strong>Schwarzmoos: <\/strong>Diese Moosart ist auf Nebelgrau beheimatet. Es halten sich \u00fcber die Jahrhunderte hinweg hartn\u00e4ckige Ger\u00fcchte, dass der finstere Giftmischer Gogglwogg seine ruchlosen H\u00e4nde bei der Erschaffung dieses Mooses im Spiel hatte. Und tats\u00e4chlich handelt es sich bei dem Schwarzmoos um die einzige giftige Art seiner Spezies.&nbsp;&nbsp;&nbsp;<\/p>\n\n\n\n<p><strong>Zaubermoos: <\/strong>Das Synonym zu diesem Moos ist Cham\u00e4leonmoos, weil es best\u00e4ndig seine Form ver\u00e4ndert. Es kann dabei fast alle organischen K\u00f6rper annehmen, was immer wieder zu prek\u00e4ren Situationen und Missverst\u00e4ndnissen f\u00fchren kann. Ich erinnere mich in diesem Zusammenhang an ein Techtelmechtel mit . . ., aber das w\u00fcrde jetzt zu weit f\u00fchren.&nbsp; &nbsp;&nbsp;&nbsp;<\/p>\n\n\n\n<p class=\"has-light-green-cyan-background-color has-background\"><strong>Zeitmoos: <\/strong>Es ist auch unter den Namen Morgenmoos, Mittagsmoos, Abendmoos und Nachtmoos bekannt, da es nur zu bestimmten Zeiten w\u00e4chst und \u00fcberhaupt gesehen werden kann.<\/p>\n\n\n\n<p>So viel zum Thema Moose und deren Implikationen. Bleibt mir nur noch zu sagen:<\/p>\n\n\n\n<p>Am Anfang war das Moos. Aus ihm entstand alles. Ewiges Wohl dem Moos!<\/p>\n\n\n\n<p>Auszug aus der <em>Enzyklop\u00e4die der bekannten Welten <\/em>des Chronisten Gryffyus zu Schlauhderer<\/p>\n\n\n\n<figure class=\"wp-block-image size-full is-resized\"><img decoding=\"async\" width=\"256\" height=\"221\" src=\"https:\/\/mooslande.com\/wp-content\/uploads\/2024\/04\/cat-9679_256.gif\" alt=\"\" class=\"wp-image-268\" style=\"width:200px;height:auto\"\/><\/figure>\n\n\n\n<div class=\"wp-block-media-text has-media-on-the-right is-stacked-on-mobile\" style=\"grid-template-columns:auto 15%\"><div class=\"wp-block-media-text__content\">\n<p class=\"has-text-align-left has-white-color has-black-background-color has-text-color has-background has-link-color wp-elements-6d81689cfb5a921ca38ac41870e789ef\">  <strong>Wow, da ist ja die Mondkatze Musch, meine spezielle Freundin. Sch\u00f6n, dich hier begr\u00fc\u00dfen zu d\u00fcrfen, Musch!<\/strong><\/p>\n<\/div><figure class=\"wp-block-media-text__media\"><img decoding=\"async\" width=\"1024\" height=\"802\" src=\"https:\/\/mooslande.com\/wp-content\/uploads\/2024\/04\/Schnatt-frei-1024x802.jpg\" alt=\"\" class=\"wp-image-152 size-full\" srcset=\"https:\/\/mooslande.com\/wp-content\/uploads\/2024\/04\/Schnatt-frei-1024x802.jpg 1024w, https:\/\/mooslande.com\/wp-content\/uploads\/2024\/04\/Schnatt-frei-300x235.jpg 300w, https:\/\/mooslande.com\/wp-content\/uploads\/2024\/04\/Schnatt-frei-768x601.jpg 768w, https:\/\/mooslande.com\/wp-content\/uploads\/2024\/04\/Schnatt-frei-850x665.jpg 850w, https:\/\/mooslande.com\/wp-content\/uploads\/2024\/04\/Schnatt-frei.jpg 1229w\" sizes=\"(max-width: 1024px) 100vw, 1024px\" \/><\/figure><\/div>\n\n\n\n<div class=\"wp-block-buttons is-layout-flex wp-block-buttons-is-layout-flex\">\n<div class=\"wp-block-button\" id=\"bild\"><a class=\"wp-block-button__link wp-element-button\" href=\"#bild\">Nach oben<\/a><\/div>\n<\/div>\n","protected":false},"excerpt":{"rendered":"<p>Im Folgenden seht ihr eine kleine Auflistung von Moosen, denen ihr in den Mooslanden begegnen k\u00f6nnt, zusammengtragen vom Chronisten Gryffyus zu Schlauhderer. Eine der bemerkenswertesten und im kosmologischen Sinne bedeutsamsten Pflanzen, die ich beim Bereisen der uns bekannten Welten systematisch analysiert und katalogisiert habe, ist das Moos. Selbstredend tritt das Gew\u00e4chs in den verschiedenen Welten&#8230;<\/p>\n","protected":false},"author":1,"featured_media":0,"parent":0,"menu_order":0,"comment_status":"closed","ping_status":"closed","template":"","meta":{"footnotes":""},"class_list":["post-131","page","type-page","status-publish","hentry"],"_links":{"self":[{"href":"https:\/\/mooslande.com\/fantasy\/thriller\/horror\/wp-json\/wp\/v2\/pages\/131","targetHints":{"allow":["GET"]}}],"collection":[{"href":"https:\/\/mooslande.com\/fantasy\/thriller\/horror\/wp-json\/wp\/v2\/pages"}],"about":[{"href":"https:\/\/mooslande.com\/fantasy\/thriller\/horror\/wp-json\/wp\/v2\/types\/page"}],"author":[{"embeddable":true,"href":"https:\/\/mooslande.com\/fantasy\/thriller\/horror\/wp-json\/wp\/v2\/users\/1"}],"replies":[{"embeddable":true,"href":"https:\/\/mooslande.com\/fantasy\/thriller\/horror\/wp-json\/wp\/v2\/comments?post=131"}],"version-history":[{"count":10,"href":"https:\/\/mooslande.com\/fantasy\/thriller\/horror\/wp-json\/wp\/v2\/pages\/131\/revisions"}],"predecessor-version":[{"id":514,"href":"https:\/\/mooslande.com\/fantasy\/thriller\/horror\/wp-json\/wp\/v2\/pages\/131\/revisions\/514"}],"wp:attachment":[{"href":"https:\/\/mooslande.com\/fantasy\/thriller\/horror\/wp-json\/wp\/v2\/media?parent=131"}],"curies":[{"name":"wp","href":"https:\/\/api.w.org\/{rel}","templated":true}]}}