{"id":142,"date":"2024-04-03T22:10:38","date_gmt":"2024-04-03T22:10:38","guid":{"rendered":"http:\/\/mooslande.com\/?page_id=142"},"modified":"2024-04-23T15:16:39","modified_gmt":"2024-04-23T15:16:39","slug":"ueber-mich","status":"publish","type":"page","link":"https:\/\/mooslande.com\/fantasy\/thriller\/horror\/ueber-mich\/","title":{"rendered":"\u00dcber mich"},"content":{"rendered":"<div class=\"wp-block-image\">\n<figure class=\"aligncenter size-full is-resized\"><img decoding=\"async\" width=\"90\" height=\"300\" src=\"https:\/\/mooslande.com\/wp-content\/uploads\/2024\/04\/animiertes-totenkopf-totenschaedel-bild-0083-1.gif\" alt=\"\" class=\"wp-image-501\" style=\"width:41px;height:auto\"\/><\/figure><\/div>\n\n\n<p id=\"der\"><strong><a href=\"#nachoben\">Der <\/a>Autor<\/strong><\/p>\n\n\n\n<p><strong>Wolfgang Palloks, geboren auf der rauen ostfriesischen Insel Norderney, widmete sich schon fr\u00fch dem Schreiben und wurde seither durch seine Vorliebe f\u00fcr Fantasy, Thriller, Horrorliteratur und Science Fiction gepr\u00e4gt. Au\u00dferdem spielt Musik eine entscheidende Rolle in seinem Leben und die Neigung zu Rock und Metal und ebenso Dark Electro beeinflussen auch sein Schreiben. Er liebt Katzen.<\/strong><\/p>\n\n\n<div class=\"wp-block-image\">\n<figure class=\"alignright size-large is-resized\"><img fetchpriority=\"high\" decoding=\"async\" width=\"500\" height=\"1024\" src=\"https:\/\/mooslande.com\/wp-content\/uploads\/2024\/04\/storage_emulated_0_Pictures_comica_cartoon1633715171412-500x1024.jpg\" alt=\"\" class=\"wp-image-352\" style=\"width:52px;height:auto\" srcset=\"https:\/\/mooslande.com\/wp-content\/uploads\/2024\/04\/storage_emulated_0_Pictures_comica_cartoon1633715171412-500x1024.jpg 500w, https:\/\/mooslande.com\/wp-content\/uploads\/2024\/04\/storage_emulated_0_Pictures_comica_cartoon1633715171412-146x300.jpg 146w, https:\/\/mooslande.com\/wp-content\/uploads\/2024\/04\/storage_emulated_0_Pictures_comica_cartoon1633715171412-768x1574.jpg 768w, https:\/\/mooslande.com\/wp-content\/uploads\/2024\/04\/storage_emulated_0_Pictures_comica_cartoon1633715171412-749x1536.jpg 749w, https:\/\/mooslande.com\/wp-content\/uploads\/2024\/04\/storage_emulated_0_Pictures_comica_cartoon1633715171412-999x2048.jpg 999w, https:\/\/mooslande.com\/wp-content\/uploads\/2024\/04\/storage_emulated_0_Pictures_comica_cartoon1633715171412-300x615.jpg 300w, https:\/\/mooslande.com\/wp-content\/uploads\/2024\/04\/storage_emulated_0_Pictures_comica_cartoon1633715171412-850x1743.jpg 850w, https:\/\/mooslande.com\/wp-content\/uploads\/2024\/04\/storage_emulated_0_Pictures_comica_cartoon1633715171412.jpg 1080w\" sizes=\"(max-width: 500px) 100vw, 500px\" \/><\/figure><\/div>\n\n\n<figure class=\"wp-block-image size-full is-resized\"><img decoding=\"async\" width=\"1229\" height=\"962\" src=\"https:\/\/mooslande.com\/wp-content\/uploads\/2024\/03\/Schnatt-frei-gespiegelt.jpeg\" alt=\"\" class=\"wp-image-86\" style=\"width:109px;height:auto\" srcset=\"https:\/\/mooslande.com\/wp-content\/uploads\/2024\/03\/Schnatt-frei-gespiegelt.jpeg 1229w, https:\/\/mooslande.com\/wp-content\/uploads\/2024\/03\/Schnatt-frei-gespiegelt-300x235.jpeg 300w, https:\/\/mooslande.com\/wp-content\/uploads\/2024\/03\/Schnatt-frei-gespiegelt-1024x802.jpeg 1024w, https:\/\/mooslande.com\/wp-content\/uploads\/2024\/03\/Schnatt-frei-gespiegelt-768x601.jpeg 768w, https:\/\/mooslande.com\/wp-content\/uploads\/2024\/03\/Schnatt-frei-gespiegelt-850x665.jpeg 850w\" sizes=\"(max-width: 1229px) 100vw, 1229px\" \/><\/figure>\n\n\n\n<p><strong>Huch, was ist denn das f\u00fcr einer dort dr\u00fcben?<\/strong><\/p>\n\n\n\n<p class=\"has-white-color has-vivid-cyan-blue-background-color has-text-color has-background has-link-color wp-elements-7155a1642ee847c798cf2dd78a38eca7\"><strong><em>Schnatt<\/em>: Wie kommst du hierher? Was machst du in meiner Welt? Und wie siehst du \u00fcberhaupt aus?<\/strong><\/p>\n\n\n\n<p class=\"has-white-color has-black-background-color has-text-color has-background has-link-color wp-elements-471c4db201632bc2c54b77e1402fcf88\"><strong><em>WP<\/em>: Also, eins nach dem anderen. Ich bin der Autor, ich habe hier alles erschaffen, Schnatt.<\/strong><\/p>\n\n\n\n<p class=\"has-white-color has-vivid-cyan-blue-background-color has-text-color has-background has-link-color wp-elements-d07e2f092077763d3c252374001073ee\"><strong><em>Schnatt<\/em>: Wie erschaffen? Was soll das denn hei\u00dfen? Blaumooswelt war schon immer da, das habe ich in der Blaugans-Schule gelernt. Und woher kennst du \u00fcberhaupt meinen Namen? Das wird ja immer sch\u00f6ner! <\/strong><\/p>\n\n\n\n<p class=\"has-white-color has-black-background-color has-text-color has-background has-link-color wp-elements-014206341384cffbf240b835ccc37bf7\"><strong><em>WP<\/em>: Wie ich schon sagte: Die Mooslande mit Blaumooswelt, Eismooswelt und all ihren Bewohnern sind meine             ureigene Kreation. Du und Musch und Kraa und Speedy Snail, aber auch Robert und Ilandria und die anderen sind alle meine Erfindungen. Ihr lebt in einem Buch namens <em>Mooslande<\/em>.    <\/strong><\/p>\n\n\n\n<p class=\"has-white-color has-vivid-cyan-blue-background-color has-text-color has-background has-link-color wp-elements-525de634bc6aad65fec8edf3fb4e5d35\"><strong><em>Schnatt<\/em>: I wo! I wo! I wo! Nun mach mal halblang, B\u00fcrschchen! Das kann \u00fcberhaupt nicht sein. Wie k\u00f6nnte ich mich sonst so g\u00e4nsewohl f\u00fchlen? Das alles hier f\u00fchlt sich total real an. Und au\u00dferdem: Wie kann ich denn \u00fcberhaupt mit dir reden, wenn ich angeblich nur erfunden bin? Das musst du mir mal erkl\u00e4ren, du \u00e4h, du Autor, du. Was immer das auch sein mag.<\/strong><\/p>\n\n\n\n<p class=\"has-white-color has-black-background-color has-text-color has-background has-link-color wp-elements-a76077eb2f9fcc201b98b8afa239e423\"><em><strong>WP<\/strong><\/em><strong>: Weil ich diesen Dialog, den wir gerade f\u00fchren, in diesem Moment schreibe, Schnatt. Verstehst du? Ich lege dir die Worte sozusagen in deinen Schnabel.<\/strong><\/p>\n\n\n\n<p class=\"has-white-color has-vivid-cyan-blue-background-color has-text-color has-background has-link-color wp-elements-1adaa020c3b8e04b1d58b2e077b842c9\"><strong><em>Schnatt<\/em>: Das w\u00e4re ja die reinste Magie, und davon gibt es schon ne ganze Menge in Blaumooswelt. Aber trotzdem, ich wei\u00df ja nicht. Und wo kommst du jetzt genau her?<\/strong><\/p>\n\n\n\n<p class=\"has-white-color has-black-background-color has-text-color has-background has-link-color wp-elements-435964b4af6572b0c710d6ad45f37045\"><strong><em>WP<\/em>: Ich komme von der Erde, aus einer Stadt in Norddeutschland.<\/strong><\/p>\n\n\n\n<p class=\"has-white-color has-vivid-cyan-blue-background-color has-text-color has-background has-link-color wp-elements-d8e3e37ada79875883f6f1f9692e6e90\"><strong><em>Schnatt<\/em>: Nie von geh\u00f6rt. Und wie bist du hierher gekommen?          <\/strong><\/p>\n\n\n\n<p class=\"has-white-color has-black-background-color has-text-color has-background has-link-color wp-elements-609ba4c6d4864602e71bb3467e757e96\"><strong><em>WP<\/em><\/strong> <strong><em>(versucht es nach kurzem Nachdenken mit einer List)<\/em>:<\/strong> <strong>\u00dcber die Blutbleiche, genau wie Julia.<\/strong><\/p>\n\n\n\n<p class=\"has-white-color has-vivid-cyan-blue-background-color has-text-color has-background has-link-color wp-elements-ee844d5392c308d010478c36a14fd81f\"><strong><em>Schnatt<\/em>: Du kennst Julia? Das ist ja Wahnsinn! Sie ist meine Freundin, und wir haben tolle Abenteuer zusammen bestanden und extremen Gefahren getrotzt. Ist das aufregend! Ich habe schon immer vermutet, dass mehr hinter dieser Blutbleiche steckt.<\/strong><\/p>\n\n\n\n<p class=\"has-white-color has-black-background-color has-text-color has-background has-link-color wp-elements-9bda353affc0ac9ae4b60f8a8ec23830\"><strong><em>WP<\/em>: Genau. Die Blutbleiche ist der Zugang zu meiner Welt und von dort gelangt man auch hierher. Sie dient als Verbindungselement zwischen den Welten.<\/strong><\/p>\n\n\n\n<p class=\"has-white-color has-vivid-cyan-blue-background-color has-text-color has-background has-link-color wp-elements-cb323be488fa6b5d7f98b0765ec8f5ae\"><strong><em>Schnatt<\/em>: Du kennst dich ja wirklich erstaunlich gut aus f\u00fcr einen Fremden. Wie bist du an diese Details gekommen?<\/strong><\/p>\n\n\n\n<p class=\"has-white-color has-black-background-color has-text-color has-background has-link-color wp-elements-d3332c46d4dd7841cf341f8917fdfcd1\"><strong><em>WP<\/em>: Wie schon gesagt . . .<\/strong><\/p>\n\n\n\n<p class=\"has-white-color has-vivid-cyan-blue-background-color has-text-color has-background has-link-color wp-elements-55fca5d3d15773ffce7faf1af823b9b2\"><strong> <em>Schnatt<\/em>: Ja, ja, ja, dieser ganze Autorenkram. V\u00f6lliger Bl\u00f6dsinn, wenn du mich fragst. Das sind doch nur Fake News, um mich zu verunsichern. Ich wei\u00df, was ich wei\u00df und lasse mich von niemandem in die Irre f\u00fchren. Da musst du echt fr\u00fcher aufstehen, Fremder.  <\/strong><\/p>\n\n\n\n<p class=\"has-white-color has-black-background-color has-text-color has-background has-link-color wp-elements-3602974896c81bdc030925d8fe976879\"><strong>WP: Schnatt, jetzt rei\u00df dich aber mal zusammen! Ansonsten holt dich der Gnorrfazz!   <\/strong><\/p>\n\n\n\n<p class=\"has-white-color has-vivid-cyan-blue-background-color has-text-color has-background has-link-color wp-elements-8213818ca467c40062b0c51c2b4b67d4\"><strong><em>Schnatt<\/em>: Oh je, oh je, oh je! Da kommt etwas auf uns zu, etwas abgrundtief B\u00f6ses! Ich sp\u00fcre es, es kommt und ist nicht aufzuhalten. Oh je, oh je, oh jemine!!!<\/strong><\/p>\n\n\n\n<p class=\"has-vivid-red-color has-black-background-color has-text-color has-background has-link-color has-medium-font-size wp-elements-fefe0facbac86cbc9a039ec5ea69a327\"><strong>Nach dieser nicht ganz einfachen Unterhaltung mit Schnatt ist mein rockiger Gef\u00fchlszustand wie folgt:<\/strong>                                                                                                 <strong>Wyldelife!      <\/strong>                                                                                                                      <strong>S\u00e4nger Tom, The Voice, spricht auch das H\u00f6rbuch von <em>Mooslande<\/em> ein.               Unterst\u00fctzt die Band Defhead!!!<\/strong><\/p>\n\n\n\n<figure class=\"wp-block-video\"><video controls src=\"https:\/\/mooslande.com\/wp-content\/uploads\/2024\/04\/defhead-wyldelife_mmKpj2L9.mp4\"><\/video><\/figure>\n\n\n\n<p><\/p>\n\n\n<div class=\"wp-block-image\">\n<figure class=\"aligncenter size-full\"><img loading=\"lazy\" decoding=\"async\" width=\"480\" height=\"65\" src=\"https:\/\/mooslande.com\/wp-content\/uploads\/2024\/04\/animiertes-katze-bild-0516.gif\" alt=\"\" class=\"wp-image-347\"\/><\/figure><\/div>\n\n\n<div class=\"wp-block-buttons is-layout-flex wp-block-buttons-is-layout-flex\">\n<div class=\"wp-block-button\" id=\"der\"><a class=\"wp-block-button__link wp-element-button\" href=\"#der\">Nach oben<\/a><\/div>\n<\/div>\n","protected":false},"excerpt":{"rendered":"<p>Der Autor Wolfgang Palloks, geboren auf der rauen ostfriesischen Insel Norderney, widmete sich schon fr\u00fch dem Schreiben und wurde seither durch seine Vorliebe f\u00fcr Fantasy, Thriller, Horrorliteratur und Science Fiction gepr\u00e4gt. Au\u00dferdem spielt Musik eine entscheidende Rolle in seinem Leben und die Neigung zu Rock und Metal und ebenso Dark Electro beeinflussen auch sein Schreiben&#8230;.<\/p>\n","protected":false},"author":1,"featured_media":0,"parent":0,"menu_order":0,"comment_status":"closed","ping_status":"closed","template":"","meta":{"footnotes":""},"class_list":["post-142","page","type-page","status-publish","hentry"],"_links":{"self":[{"href":"https:\/\/mooslande.com\/fantasy\/thriller\/horror\/wp-json\/wp\/v2\/pages\/142","targetHints":{"allow":["GET"]}}],"collection":[{"href":"https:\/\/mooslande.com\/fantasy\/thriller\/horror\/wp-json\/wp\/v2\/pages"}],"about":[{"href":"https:\/\/mooslande.com\/fantasy\/thriller\/horror\/wp-json\/wp\/v2\/types\/page"}],"author":[{"embeddable":true,"href":"https:\/\/mooslande.com\/fantasy\/thriller\/horror\/wp-json\/wp\/v2\/users\/1"}],"replies":[{"embeddable":true,"href":"https:\/\/mooslande.com\/fantasy\/thriller\/horror\/wp-json\/wp\/v2\/comments?post=142"}],"version-history":[{"count":24,"href":"https:\/\/mooslande.com\/fantasy\/thriller\/horror\/wp-json\/wp\/v2\/pages\/142\/revisions"}],"predecessor-version":[{"id":525,"href":"https:\/\/mooslande.com\/fantasy\/thriller\/horror\/wp-json\/wp\/v2\/pages\/142\/revisions\/525"}],"wp:attachment":[{"href":"https:\/\/mooslande.com\/fantasy\/thriller\/horror\/wp-json\/wp\/v2\/media?parent=142"}],"curies":[{"name":"wp","href":"https:\/\/api.w.org\/{rel}","templated":true}]}}