{"id":194,"date":"2024-04-08T14:47:38","date_gmt":"2024-04-08T14:47:38","guid":{"rendered":"https:\/\/mooslande.com\/?page_id=194"},"modified":"2024-04-23T15:09:07","modified_gmt":"2024-04-23T15:09:07","slug":"hoerbuch","status":"publish","type":"page","link":"https:\/\/mooslande.com\/fantasy\/thriller\/horror\/hoerbuch\/","title":{"rendered":"H\u00f6rbuch"},"content":{"rendered":"\n<figure class=\"wp-block-image size-large is-resized\"><img fetchpriority=\"high\" decoding=\"async\" width=\"1024\" height=\"802\" src=\"https:\/\/mooslande.com\/wp-content\/uploads\/2024\/04\/Schnatt-frei-1024x802.jpg\" alt=\"\" class=\"wp-image-152\" style=\"width:112px;height:auto\" srcset=\"https:\/\/mooslande.com\/wp-content\/uploads\/2024\/04\/Schnatt-frei-1024x802.jpg 1024w, https:\/\/mooslande.com\/wp-content\/uploads\/2024\/04\/Schnatt-frei-300x235.jpg 300w, https:\/\/mooslande.com\/wp-content\/uploads\/2024\/04\/Schnatt-frei-768x601.jpg 768w, https:\/\/mooslande.com\/wp-content\/uploads\/2024\/04\/Schnatt-frei-850x665.jpg 850w, https:\/\/mooslande.com\/wp-content\/uploads\/2024\/04\/Schnatt-frei.jpg 1229w\" sizes=\"(max-width: 1024px) 100vw, 1024px\" \/><\/figure>\n\n\n\n<p class=\"has-text-align-center\"><strong>Mooslande Buch 1 wird von Thomas Fallschessel in seinem eigenen Tonstudio professionell als H\u00f6rbuch eingesprochen. Er hat jedem Charakter eine eigene Stimme zugewiesen<\/strong> <strong>und liest und interpretiert den Roman mit viel Liebe zum Detail, Herzblut f\u00fcr das Projekt und Akribie. <\/strong><\/p>\n\n\n\n<p><strong>Hier folgt eine l\u00e4ngere H\u00f6rprobe, um euch einen ersten Eindruck von seiner Arbeit zu geben:<\/strong><\/p>\n\n\n\n<figure class=\"wp-block-audio\"><audio controls src=\"https:\/\/mooslande.com\/wp-content\/uploads\/2024\/04\/Mooslande-Track-30-Min-Mp3.mp3\"><\/audio><\/figure>\n\n\n\n<figure class=\"wp-block-image size-full is-resized\"><img decoding=\"async\" width=\"1229\" height=\"962\" src=\"https:\/\/mooslande.com\/wp-content\/uploads\/2024\/03\/Schnatt-frei-gespiegelt.jpeg\" alt=\"\" class=\"wp-image-86\" style=\"width:108px;height:auto\" srcset=\"https:\/\/mooslande.com\/wp-content\/uploads\/2024\/03\/Schnatt-frei-gespiegelt.jpeg 1229w, https:\/\/mooslande.com\/wp-content\/uploads\/2024\/03\/Schnatt-frei-gespiegelt-300x235.jpeg 300w, https:\/\/mooslande.com\/wp-content\/uploads\/2024\/03\/Schnatt-frei-gespiegelt-1024x802.jpeg 1024w, https:\/\/mooslande.com\/wp-content\/uploads\/2024\/03\/Schnatt-frei-gespiegelt-768x601.jpeg 768w, https:\/\/mooslande.com\/wp-content\/uploads\/2024\/03\/Schnatt-frei-gespiegelt-850x665.jpeg 850w\" sizes=\"(max-width: 1229px) 100vw, 1229px\" \/><\/figure>\n\n\n\n<p class=\"has-text-align-center\"><strong>Gut Ding braucht bekanntlich Weile. Die H\u00e4lfte des Romans ist bereits eingesprochen, der Rest folgt demn\u00e4chst. Ich werde \u00fcber den Fortlauf und die Ver\u00f6ffentlichung hoffentlich bald an dieser Stelle informieren k\u00f6nnen.<\/strong><\/p>\n\n\n<div class=\"wp-block-image\">\n<figure class=\"aligncenter size-full is-resized\"><img decoding=\"async\" width=\"256\" height=\"256\" src=\"https:\/\/mooslande.com\/wp-content\/uploads\/2024\/04\/note-5823_256.gif\" alt=\"\" class=\"wp-image-272\" style=\"width:176px;height:auto\"\/><\/figure><\/div>\n\n\n<p class=\"has-text-align-center\"><strong>HOHE<\/strong> <strong>SUCHTGEFAR!!!<\/strong><\/p>\n","protected":false},"excerpt":{"rendered":"<p>Mooslande Buch 1 wird von Thomas Fallschessel in seinem eigenen Tonstudio professionell als H\u00f6rbuch eingesprochen. Er hat jedem Charakter eine eigene Stimme zugewiesen und liest und interpretiert den Roman mit viel Liebe zum Detail, Herzblut f\u00fcr das Projekt und Akribie. Hier folgt eine l\u00e4ngere H\u00f6rprobe, um euch einen ersten Eindruck von seiner Arbeit zu geben:&#8230;<\/p>\n","protected":false},"author":1,"featured_media":0,"parent":0,"menu_order":0,"comment_status":"closed","ping_status":"closed","template":"","meta":{"footnotes":""},"class_list":["post-194","page","type-page","status-publish","hentry"],"_links":{"self":[{"href":"https:\/\/mooslande.com\/fantasy\/thriller\/horror\/wp-json\/wp\/v2\/pages\/194","targetHints":{"allow":["GET"]}}],"collection":[{"href":"https:\/\/mooslande.com\/fantasy\/thriller\/horror\/wp-json\/wp\/v2\/pages"}],"about":[{"href":"https:\/\/mooslande.com\/fantasy\/thriller\/horror\/wp-json\/wp\/v2\/types\/page"}],"author":[{"embeddable":true,"href":"https:\/\/mooslande.com\/fantasy\/thriller\/horror\/wp-json\/wp\/v2\/users\/1"}],"replies":[{"embeddable":true,"href":"https:\/\/mooslande.com\/fantasy\/thriller\/horror\/wp-json\/wp\/v2\/comments?post=194"}],"version-history":[{"count":8,"href":"https:\/\/mooslande.com\/fantasy\/thriller\/horror\/wp-json\/wp\/v2\/pages\/194\/revisions"}],"predecessor-version":[{"id":518,"href":"https:\/\/mooslande.com\/fantasy\/thriller\/horror\/wp-json\/wp\/v2\/pages\/194\/revisions\/518"}],"wp:attachment":[{"href":"https:\/\/mooslande.com\/fantasy\/thriller\/horror\/wp-json\/wp\/v2\/media?parent=194"}],"curies":[{"name":"wp","href":"https:\/\/api.w.org\/{rel}","templated":true}]}}