{"id":198,"date":"2024-04-08T14:50:13","date_gmt":"2024-04-08T14:50:13","guid":{"rendered":"https:\/\/mooslande.com\/?page_id=198"},"modified":"2024-04-23T15:14:17","modified_gmt":"2024-04-23T15:14:17","slug":"mooslande-buch-2","status":"publish","type":"page","link":"https:\/\/mooslande.com\/fantasy\/thriller\/horror\/mooslande-buch-2\/","title":{"rendered":"Mooslande Buch 2"},"content":{"rendered":"<div class=\"wp-block-image\">\n<figure class=\"aligncenter size-large is-resized\" id=\"bild\"><img fetchpriority=\"high\" decoding=\"async\" width=\"1024\" height=\"802\" src=\"https:\/\/mooslande.com\/wp-content\/uploads\/2024\/04\/Schnatt-frei-1024x802.jpg\" alt=\"\" class=\"wp-image-152\" style=\"width:165px;height:auto\" srcset=\"https:\/\/mooslande.com\/wp-content\/uploads\/2024\/04\/Schnatt-frei-1024x802.jpg 1024w, https:\/\/mooslande.com\/wp-content\/uploads\/2024\/04\/Schnatt-frei-300x235.jpg 300w, https:\/\/mooslande.com\/wp-content\/uploads\/2024\/04\/Schnatt-frei-768x601.jpg 768w, https:\/\/mooslande.com\/wp-content\/uploads\/2024\/04\/Schnatt-frei-850x665.jpg 850w, https:\/\/mooslande.com\/wp-content\/uploads\/2024\/04\/Schnatt-frei.jpg 1229w\" sizes=\"(max-width: 1024px) 100vw, 1024px\" \/><\/figure><\/div>\n\n\n<p id=\"bild\"><strong>Buch 2 der Trilogie tr\u00e4gt den Untertitel <em>Weltenmagie<\/em>. <\/strong><\/p>\n\n\n\n<p><strong>Das gro\u00dfe Abenteuer geht weiter und kn\u00fcpft inhaltlich nahtlos an den Cliffhanger von Buch 1 an.<\/strong><\/p>\n\n\n\n<p><strong>Robert Weininger und seine Gef\u00e4hrten sind in einer<\/strong> <strong>alternativen Zeitebene gefangen, aus der sie ausbrechen m\u00fcssen.<\/strong> <strong>W\u00e4hrenddessen passieren in Kiel grausame Morde, die in<\/strong> <strong>direktem Zusammenhang mit den Geschehnissen<\/strong> <strong>in Bromenien stehen.<\/strong> <strong>Zeitgleich rekrutiert der Gnorrfazz eine neue Armee, um . . .<\/strong><\/p>\n\n\n\n<p><strong>Ver\u00f6ffentlichung: voraussichtlich Anfang 2025<\/strong><\/p>\n\n\n\n<figure class=\"wp-block-image size-full is-resized\"><img decoding=\"async\" width=\"1229\" height=\"962\" src=\"https:\/\/mooslande.com\/wp-content\/uploads\/2024\/03\/Schnatt-frei-gespiegelt.jpeg\" alt=\"\" class=\"wp-image-86\" style=\"width:113px;height:auto\" srcset=\"https:\/\/mooslande.com\/wp-content\/uploads\/2024\/03\/Schnatt-frei-gespiegelt.jpeg 1229w, https:\/\/mooslande.com\/wp-content\/uploads\/2024\/03\/Schnatt-frei-gespiegelt-300x235.jpeg 300w, https:\/\/mooslande.com\/wp-content\/uploads\/2024\/03\/Schnatt-frei-gespiegelt-1024x802.jpeg 1024w, https:\/\/mooslande.com\/wp-content\/uploads\/2024\/03\/Schnatt-frei-gespiegelt-768x601.jpeg 768w, https:\/\/mooslande.com\/wp-content\/uploads\/2024\/03\/Schnatt-frei-gespiegelt-850x665.jpeg 850w\" sizes=\"(max-width: 1229px) 100vw, 1229px\" \/><\/figure>\n\n\n\n<p><strong>Psst!!! Ich habe aus zuverl\u00e4ssigen Kreisen vernommen, dass der zweite Teil schon abgeschlossen ist, aber zur Zeit ein ausgedehntes Lektorat durchl\u00e4uft. Vielleicht kommen wir ja schon eher in den Genuss der Fortsetzung. Das w\u00e4re so cool!  <\/strong><\/p>\n\n\n<div class=\"wp-block-image\">\n<figure class=\"alignleft size-full is-resized\"><img decoding=\"async\" width=\"250\" height=\"256\" src=\"https:\/\/mooslande.com\/wp-content\/uploads\/2024\/04\/moon-10225_256.gif\" alt=\"\" class=\"wp-image-277\" style=\"width:402px;height:auto\"\/><\/figure><\/div>\n\n<div class=\"wp-block-image\">\n<figure class=\"alignleft size-full is-resized\"><img loading=\"lazy\" decoding=\"async\" width=\"250\" height=\"256\" src=\"https:\/\/mooslande.com\/wp-content\/uploads\/2024\/04\/moon-10225_256.gif\" alt=\"\" class=\"wp-image-277\" style=\"width:403px;height:auto\"\/><\/figure><\/div>\n\n\n<p><\/p>\n\n\n\n<p><\/p>\n\n\n\n<p><\/p>\n","protected":false},"excerpt":{"rendered":"<p>Buch 2 der Trilogie tr\u00e4gt den Untertitel Weltenmagie. Das gro\u00dfe Abenteuer geht weiter und kn\u00fcpft inhaltlich nahtlos an den Cliffhanger von Buch 1 an. Robert Weininger und seine Gef\u00e4hrten sind in einer alternativen Zeitebene gefangen, aus der sie ausbrechen m\u00fcssen. W\u00e4hrenddessen passieren in Kiel grausame Morde, die in direktem Zusammenhang mit den Geschehnissen in Bromenien&#8230;<\/p>\n","protected":false},"author":1,"featured_media":0,"parent":0,"menu_order":0,"comment_status":"closed","ping_status":"closed","template":"","meta":{"footnotes":""},"class_list":["post-198","page","type-page","status-publish","hentry"],"_links":{"self":[{"href":"https:\/\/mooslande.com\/fantasy\/thriller\/horror\/wp-json\/wp\/v2\/pages\/198","targetHints":{"allow":["GET"]}}],"collection":[{"href":"https:\/\/mooslande.com\/fantasy\/thriller\/horror\/wp-json\/wp\/v2\/pages"}],"about":[{"href":"https:\/\/mooslande.com\/fantasy\/thriller\/horror\/wp-json\/wp\/v2\/types\/page"}],"author":[{"embeddable":true,"href":"https:\/\/mooslande.com\/fantasy\/thriller\/horror\/wp-json\/wp\/v2\/users\/1"}],"replies":[{"embeddable":true,"href":"https:\/\/mooslande.com\/fantasy\/thriller\/horror\/wp-json\/wp\/v2\/comments?post=198"}],"version-history":[{"count":14,"href":"https:\/\/mooslande.com\/fantasy\/thriller\/horror\/wp-json\/wp\/v2\/pages\/198\/revisions"}],"predecessor-version":[{"id":523,"href":"https:\/\/mooslande.com\/fantasy\/thriller\/horror\/wp-json\/wp\/v2\/pages\/198\/revisions\/523"}],"wp:attachment":[{"href":"https:\/\/mooslande.com\/fantasy\/thriller\/horror\/wp-json\/wp\/v2\/media?parent=198"}],"curies":[{"name":"wp","href":"https:\/\/api.w.org\/{rel}","templated":true}]}}