{"id":577,"date":"2025-03-11T16:49:18","date_gmt":"2025-03-11T16:49:18","guid":{"rendered":"https:\/\/mooslande.com\/fantasy\/thriller\/horror\/?page_id=577"},"modified":"2025-03-11T16:49:19","modified_gmt":"2025-03-11T16:49:19","slug":"kontakt","status":"publish","type":"page","link":"https:\/\/mooslande.com\/fantasy\/thriller\/horror\/kontakt\/","title":{"rendered":"Kontakt"},"content":{"rendered":"\n<p class=\"has-vivid-green-cyan-background-color has-background\"><strong>Wer sich \u00fcber Mooslande in konstruktiver Kritik \u00fcben m\u00f6chte, kann sich mit einer E-Mail vertrauensvoll an mein Retla Oge wenden. Er wird mir die Informationen ungefiltert zukommen lassen.<\/strong><\/p>\n\n\n\n<p class=\"has-vivid-green-cyan-color has-text-color has-link-color wp-elements-c939c041177ff94ffbec668603a94d46\"><strong>gnagflow.skollap@web.de <\/strong><\/p>\n\n\n\n<p class=\"has-vivid-red-color has-text-color has-link-color wp-elements-8405be05d16740df1f65a0160ff581a9\"><strong>Alle Hater und Trolle seien an dieser Stelle ausdr\u00fccklich gewarnt:<\/strong><\/p>\n\n\n\n<p class=\"has-vivid-red-color has-text-color has-link-color wp-elements-8f2ef97bc9d081e028301a1f0adda70a\"><strong>Der Schwarze Fluch der Londrin wird gnadenlos \u00fcber euch hereinbrechen!!! <\/strong><\/p>\n\n\n\n<p class=\"has-vivid-red-color has-text-color has-link-color wp-elements-30bccb27d3a9bfa2eca6d1e4be51dbb5\"><strong>Sagt also bitte nicht, ihr h\u00e4ttet von nichts gewusst!  <\/strong><\/p>\n\n\n\n<p><\/p>\n","protected":false},"excerpt":{"rendered":"<p>Wer sich \u00fcber Mooslande in konstruktiver Kritik \u00fcben m\u00f6chte, kann sich mit einer E-Mail vertrauensvoll an mein Retla Oge wenden. Er wird mir die Informationen ungefiltert zukommen lassen. gnagflow.skollap@web.de Alle Hater und Trolle seien an dieser Stelle ausdr\u00fccklich gewarnt: Der Schwarze Fluch der Londrin wird gnadenlos \u00fcber euch hereinbrechen!!! Sagt also bitte nicht, ihr h\u00e4ttet&#8230;<\/p>\n","protected":false},"author":1,"featured_media":0,"parent":0,"menu_order":0,"comment_status":"closed","ping_status":"closed","template":"","meta":{"footnotes":""},"class_list":["post-577","page","type-page","status-publish","hentry"],"_links":{"self":[{"href":"https:\/\/mooslande.com\/fantasy\/thriller\/horror\/wp-json\/wp\/v2\/pages\/577","targetHints":{"allow":["GET"]}}],"collection":[{"href":"https:\/\/mooslande.com\/fantasy\/thriller\/horror\/wp-json\/wp\/v2\/pages"}],"about":[{"href":"https:\/\/mooslande.com\/fantasy\/thriller\/horror\/wp-json\/wp\/v2\/types\/page"}],"author":[{"embeddable":true,"href":"https:\/\/mooslande.com\/fantasy\/thriller\/horror\/wp-json\/wp\/v2\/users\/1"}],"replies":[{"embeddable":true,"href":"https:\/\/mooslande.com\/fantasy\/thriller\/horror\/wp-json\/wp\/v2\/comments?post=577"}],"version-history":[{"count":2,"href":"https:\/\/mooslande.com\/fantasy\/thriller\/horror\/wp-json\/wp\/v2\/pages\/577\/revisions"}],"predecessor-version":[{"id":579,"href":"https:\/\/mooslande.com\/fantasy\/thriller\/horror\/wp-json\/wp\/v2\/pages\/577\/revisions\/579"}],"wp:attachment":[{"href":"https:\/\/mooslande.com\/fantasy\/thriller\/horror\/wp-json\/wp\/v2\/media?parent=577"}],"curies":[{"name":"wp","href":"https:\/\/api.w.org\/{rel}","templated":true}]}}