{"id":591,"date":"2025-11-03T14:30:00","date_gmt":"2025-11-03T14:30:00","guid":{"rendered":"https:\/\/mooslande.com\/fantasy\/thriller\/horror\/?page_id=591"},"modified":"2025-11-26T14:16:11","modified_gmt":"2025-11-26T14:16:11","slug":"geschichten-ausserhalb-von-mooslande","status":"publish","type":"page","link":"https:\/\/mooslande.com\/fantasy\/thriller\/horror\/geschichten-ausserhalb-von-mooslande\/","title":{"rendered":"Geschichten au\u00dferhalb von Mooslande"},"content":{"rendered":"<p class=\"fonts-plugin-block \" style=\"text-align: center\"><strong><em>Die folgenden Texte von mir k\u00f6nnen zum eigenen Gebrauch heruntergeladen werden. <\/em><\/strong><\/p>\n\n\n<div class=\"wp-block-file\"><a id=\"wp-block-file--media-e5859417-dbe7-4dde-86b0-565236b02681\" href=\"https:\/\/mooslande.com\/wp-content\/uploads\/2025\/11\/Der-Preis-der-Jugend.docx\">Der-Preis-der-Jugend<\/a><a href=\"https:\/\/mooslande.com\/wp-content\/uploads\/2025\/11\/Der-Preis-der-Jugend.docx\" class=\"wp-block-file__button wp-element-button\" download aria-describedby=\"wp-block-file--media-e5859417-dbe7-4dde-86b0-565236b02681\">Herunterladen<\/a><\/div>\n\n\n\n<div class=\"wp-block-file\"><a id=\"wp-block-file--media-68f6b089-1030-4686-99bd-12c3d0b19a5a\" href=\"https:\/\/mooslande.com\/wp-content\/uploads\/2025\/11\/Octo-Octoni.docx\">Octo-Octoni<\/a><a href=\"https:\/\/mooslande.com\/wp-content\/uploads\/2025\/11\/Octo-Octoni.docx\" class=\"wp-block-file__button wp-element-button\" download aria-describedby=\"wp-block-file--media-68f6b089-1030-4686-99bd-12c3d0b19a5a\">Herunterladen<\/a><\/div>\n\n\n\n<div class=\"wp-block-file\"><a id=\"wp-block-file--media-ec717e22-432d-4a77-9e4a-208d7918f749\" href=\"https:\/\/mooslande.com\/wp-content\/uploads\/2025\/11\/Bibliothek-des-Vergessens.docx\">Bibliothek-des-Vergessens<\/a><a href=\"https:\/\/mooslande.com\/wp-content\/uploads\/2025\/11\/Bibliothek-des-Vergessens.docx\" class=\"wp-block-file__button wp-element-button\" download aria-describedby=\"wp-block-file--media-ec717e22-432d-4a77-9e4a-208d7918f749\">Herunterladen<\/a><\/div>\n\n\n\n<div class=\"wp-block-file\"><a id=\"wp-block-file--media-c181887e-7654-4256-9654-748dab5bfd3b\" href=\"https:\/\/mooslande.com\/wp-content\/uploads\/2025\/11\/Die-Saat-der-freundschaftlichen-Apokalypse.docx\">Die-Saat-der-freundschaftlichen-Apokalypse<\/a><a href=\"https:\/\/mooslande.com\/wp-content\/uploads\/2025\/11\/Die-Saat-der-freundschaftlichen-Apokalypse.docx\" class=\"wp-block-file__button wp-element-button\" download aria-describedby=\"wp-block-file--media-c181887e-7654-4256-9654-748dab5bfd3b\">Herunterladen<\/a><\/div>\n\n\n\n<div class=\"wp-block-file\"><a id=\"wp-block-file--media-6d8d173b-d663-4211-bbcb-c43caf3dc97d\" href=\"https:\/\/mooslande.com\/wp-content\/uploads\/2025\/11\/Sequenzen.odt\">Sequenzen<\/a><a href=\"https:\/\/mooslande.com\/wp-content\/uploads\/2025\/11\/Sequenzen.odt\" class=\"wp-block-file__button wp-element-button\" download aria-describedby=\"wp-block-file--media-6d8d173b-d663-4211-bbcb-c43caf3dc97d\">Herunterladen<\/a><\/div>\n\n\n\n<div class=\"wp-block-file\"><a id=\"wp-block-file--media-5cb0af13-2d14-4ef0-9600-cb643952f159\" href=\"https:\/\/mooslande.com\/wp-content\/uploads\/2025\/11\/Schaedelwolf.odt\">Schaedelwolf<\/a><a href=\"https:\/\/mooslande.com\/wp-content\/uploads\/2025\/11\/Schaedelwolf.odt\" class=\"wp-block-file__button wp-element-button\" download aria-describedby=\"wp-block-file--media-5cb0af13-2d14-4ef0-9600-cb643952f159\">Herunterladen<\/a><\/div>\n\n\n\n<p class=\"has-text-align-center\"><strong>Hier gibt es auch noch etwas auf die Ohren! H\u00f6rfassungen zu meinen Kurzgeschichten, professionell eingelesen von Thomas &#8222;The Voice&#8220; Fallschessel. Viel Spa\u00df beim H\u00f6ren!<\/strong><\/p>\n\n\n\n<p class=\"has-vivid-cyan-blue-color has-text-color has-link-color wp-elements-edb601dfe246e351d629634e063f6b29\"><strong>Der Preis der Jugend (Science Fiction)<\/strong><\/p>\n\n\n\n<figure class=\"wp-block-audio\"><audio controls src=\"https:\/\/mooslande.com\/wp-content\/uploads\/2025\/11\/Der-Preis-der-Jugend.mp3\"><\/audio><\/figure>\n\n\n\n<p class=\"has-vivid-cyan-blue-color has-text-color has-link-color wp-elements-a52a7cfda4009323037f618fc93b3f82\"><strong>Octo Octoni (Horror)<\/strong><\/p>\n\n\n\n<figure class=\"wp-block-audio\"><audio controls src=\"https:\/\/mooslande.com\/wp-content\/uploads\/2025\/11\/Octo-Octoni-Mp3-1.mp3\"><\/audio><\/figure>\n\n\n\n<p><\/p>\n","protected":false},"excerpt":{"rendered":"<p>Hier gibt es auch noch etwas auf die Ohren! H\u00f6rfassungen zu meinen Kurzgeschichten, professionell eingelesen von Thomas &#8222;The Voice&#8220; Fallschessel. Viel Spa\u00df beim H\u00f6ren! Der Preis der Jugend (Science Fiction) Octo Octoni (Horror)<\/p>\n","protected":false},"author":1,"featured_media":0,"parent":0,"menu_order":0,"comment_status":"closed","ping_status":"closed","template":"","meta":{"footnotes":""},"class_list":["post-591","page","type-page","status-publish","hentry"],"_links":{"self":[{"href":"https:\/\/mooslande.com\/fantasy\/thriller\/horror\/wp-json\/wp\/v2\/pages\/591","targetHints":{"allow":["GET"]}}],"collection":[{"href":"https:\/\/mooslande.com\/fantasy\/thriller\/horror\/wp-json\/wp\/v2\/pages"}],"about":[{"href":"https:\/\/mooslande.com\/fantasy\/thriller\/horror\/wp-json\/wp\/v2\/types\/page"}],"author":[{"embeddable":true,"href":"https:\/\/mooslande.com\/fantasy\/thriller\/horror\/wp-json\/wp\/v2\/users\/1"}],"replies":[{"embeddable":true,"href":"https:\/\/mooslande.com\/fantasy\/thriller\/horror\/wp-json\/wp\/v2\/comments?post=591"}],"version-history":[{"count":4,"href":"https:\/\/mooslande.com\/fantasy\/thriller\/horror\/wp-json\/wp\/v2\/pages\/591\/revisions"}],"predecessor-version":[{"id":610,"href":"https:\/\/mooslande.com\/fantasy\/thriller\/horror\/wp-json\/wp\/v2\/pages\/591\/revisions\/610"}],"wp:attachment":[{"href":"https:\/\/mooslande.com\/fantasy\/thriller\/horror\/wp-json\/wp\/v2\/media?parent=591"}],"curies":[{"name":"wp","href":"https:\/\/api.w.org\/{rel}","templated":true}]}}